{"id":17093,"date":"2023-09-12T20:46:55","date_gmt":"2023-09-12T20:46:55","guid":{"rendered":"https:\/\/cuba-foundation.org\/?page_id=17093"},"modified":"2023-09-27T14:21:05","modified_gmt":"2023-09-27T14:21:05","slug":"terms-of-use","status":"publish","type":"page","link":"https:\/\/cuba-foundation.org\/es\/terms-of-use\/","title":{"rendered":"Terminos de Uso"},"content":{"rendered":"<p>Actualizado: 21 de septiembre de 2023<\/p>\n\n\n\n<p>Bienvenido a www.cuba-foundation.org (este \"Sitio\"). Este Sitio es proporcionado por Cuba Foundation, Inc. como un servicio para nuestros visitantes y solo puede ser utilizado con fines informativos. Debido a que estos T\u00e9rminos de Uso contienen obligaciones legales, lea detenidamente.<\/p>\n\n\n\n<p>1. SU ACUERDO<\/p>\n\n\n\n<p>Al utilizar este Sitio, acepta quedar vinculado y cumplir con estos T\u00e9rminos de Uso. Si no est\u00e1 de acuerdo con estos T\u00e9rminos de Uso, por favor no utilice este Sitio.<\/p>\n\n\n\n<p>TENGA EN CUENTA: Nos reservamos el derecho, a nuestra \u00fanica discreci\u00f3n, de enmendar estos T\u00e9rminos de Uso en cualquier momento. A menos que se indique lo contrario, las enmiendas entrar\u00e1n en vigencia de inmediato. Revise estos T\u00e9rminos de Uso peri\u00f3dicamente. Su uso continuado de este Sitio despu\u00e9s de la publicaci\u00f3n de las enmiendas constituir\u00e1 su aceptaci\u00f3n de los T\u00e9rminos de Uso revisados y la razonabilidad de estos est\u00e1ndares para notificar cambios. Para su informaci\u00f3n, esta p\u00e1gina fue actualizada por \u00faltima vez en la fecha en la parte superior de estos T\u00e9rminos de Uso.<\/p>\n\n\n\n<p>2. PRIVACIDAD<\/p>\n\n\n\n<p>Revise nuestro <a href=\"https:\/\/cuba-foundation.org\/privacy-notice\/\" data-type=\"page\" data-id=\"3\">Aviso de Privacidad<\/a>, que tambi\u00e9n rige su visita a este Sitio, para comprender nuestras pr\u00e1cticas.<\/p>\n\n\n\n<p>3. SITIOS ENLAZADOS<\/p>\n\n\n\n<p>Este Sitio puede contener enlaces a otros sitios de web independientes de terceros (\"Sitios Enlazados\"). Estos Sitios Enlazados se proporcionan \u00fanicamente como una conveniencia para nuestros visitantes. Tales Sitios Enlazados no est\u00e1n bajo nuestro control, y no somos responsables ni respaldamos el contenido de dichos Sitios Enlazados, incluyendo cualquier informaci\u00f3n o materiales contenidos en dichos Sitios Enlazados. Deber\u00e1 tomar su propio juicio independiente con respecto a su interacci\u00f3n con estos Sitios Enlazados.<\/p>\n\n\n\n<p>4. DECLARACIONES SOBRE EL FUTURO<\/p>\n\n\n\n<p>Todos los materiales reproducidos en este Sitio tienen fecha de publicaci\u00f3n o presentaci\u00f3n original. El hecho de que un documento est\u00e9 disponible en este Sitio no significa que la informaci\u00f3n contenida en dicho documento no haya sido modificada o reemplazada por eventos o por un documento o presentaci\u00f3n posterior. No tenemos la obligaci\u00f3n ni la pol\u00edtica de actualizar ninguna informaci\u00f3n o declaraciones contenidas en este Sitio y, por lo tanto, no se debe confiar en dicha informaci\u00f3n o declaraciones como actuales en la fecha en que accede a este Sitio.<\/p>\n\n\n\n<p>5. RENUNCIA DE GARANT\u00cdAS Y LIMITACI\u00d3N DE RESPONSABILIDAD<\/p>\n\n\n\n<p>A. ESTE SITIO PUEDE CONTENER INEXACTITUDES Y ERRORES TIPOGR\u00c1FICOS. NO GARANTIZAMOS LA EXACTITUD O INTEGRIDAD DE LOS MATERIALES O LA CONFIABILIDAD DE CUALQUIER CONSEJO, OPINI\u00d3N, DECLARACI\u00d3N U OTRA INFORMACI\u00d3N MOSTRADA O DISTRIBUIDA A TRAV\u00c9S DE ESTE SITIO. USTED EXPRESAMENTE ENTIENDE Y ACEPTA QUE: (i) SU USO DE ESTE SITIO, INCLUYENDO CUALQUIER CONFIANZA EN CUALQUIER OPINI\u00d3N, CONSEJO, DECLARACI\u00d3N, MEMORANDO O INFORMACI\u00d3N CONTENIDA AQU\u00cd, SER\u00c1 BAJO SU PROPIO RIESGO; (ii) ESTE SITIO SE PROPORCIONA \"TAL CUAL\" Y \"SEG\u00daN DISPONIBILIDAD\"; (iii) EXCEPTO LO EXPRESAMENTE PROPORCIONADO AQU\u00cd, RENUNCIAMOS A TODAS LAS GARANT\u00cdAS DE CUALQUIER TIPO, YA SEAN EXPRESAS O IMPL\u00cdCITAS, INCLUYENDO, PERO SIN LIMITARSE A, GARANT\u00cdAS IMPL\u00cdCITAS DE COMERCIABILIDAD, IDONEIDAD PARA UN PROP\u00d3SITO PARTICULAR, ESFUERZO PROFESIONAL, T\u00cdTULO E INFRACCI\u00d3N DE DERECHOS; (iv) NO HACEMOS GARANT\u00cdA CON RESPECTO A LOS RESULTADOS QUE PUEDEN OBTENERSE DE ESTE SITIO, LOS PRODUCTOS O SERVICIOS ANUNCIADOS U OFRECIDOS O LOS COMERCIANTES INVOLUCRADOS; (v) CUALQUIER MATERIAL DESCARGADO U OBTENIDO DE OTRA MANERA A TRAV\u00c9S DEL USO DE ESTE SITIO SE REALIZA A SU PROPIA DISCRECI\u00d3N Y RIESGO; Y (vi) USTED SER\u00c1 EL \u00daNICO RESPONSABLE DE CUALQUIER DA\u00d1O A SU SISTEMA INFORM\u00c1TICO O DE CUALQUIER P\u00c9RDIDA DE DATOS QUE RESULTEN DE LA DESCARGA DE DICHO MATERIAL.<\/p>\n\n\n\n<p>B. USTED ENTIENDE Y ACEPTA QUE EN NING\u00daN CASO, INCLUYENDO, PERO SIN LIMITARSE A, NEGLIGENCIA, SEREMOS RESPONSABLES DE CUALQUIER DA\u00d1O DIRECTO, INDIRECTO, INCIDENTAL, ESPECIAL, PUNITIVO O CONSECUENTE QUE RESULTEN DEL USO DE, O LA IMPOSIBILIDAD DE USAR, ESTE SITIO O MATERIALES O FUNCIONES EN ESTE SITIO, INCLUSO SI SE NOS HA ADVERTIDO DE LA POSIBILIDAD DE TALES DA\u00d1OS. LAS LIMITACIONES ANTERIORES SE APLICAR\u00c1N A PESAR DE CUALQUIER FALLO DE PROP\u00d3SITO ESENCIAL DE CUALQUIER REMEDIO LIMITADO.<\/p>\n\n\n\n<p>6. EXCLUSIONES Y LIMITACIONES<\/p>\n\n\n\n<p>ALGUNAS JURISDICCIONES NO PERMITEN LA EXCLUSI\u00d3N DE CIERTAS GARANT\u00cdAS O LA LIMITACI\u00d3N O EXCLUSI\u00d3N DE RESPONSABILIDAD POR DA\u00d1OS INCIDENTALES O CONSECUENTES. EN CONSECUENCIA, NUESTRA RESPONSABILIDAD EN TALES JURISDICCIONES SE LIMITAR\u00c1 EN LA MEDIDA M\u00c1XIMA PERMITIDA POR LA LEY.<\/p>\n\n\n\n<p>7. NUESTROS DERECHOS DE PROPIEDAD<\/p>\n\n\n\n<p>Este Sitio y todos sus Contenidos est\u00e1n destinados exclusivamente para uso personal y no comercial. Excepto cuando se indique expresamente, nada dentro de este Sitio se interpretar\u00e1 como una concesi\u00f3n de licencia bajo nuestros derechos de propiedad intelectual o los derechos de propiedad intelectual de terceros, ya sea por impedimento, implicaci\u00f3n, renuncia u otro medio. Sin limitar la generalidad de lo anterior, usted reconoce y acepta que todo el contenido disponible a trav\u00e9s y utilizado para operar este Sitio y sus servicios est\u00e1 protegido por derechos de autor, marcas comerciales, patentes u otros derechos de propiedad. Usted acepta no: (a) modificar, alterar o desfigurar ninguna de las marcas comerciales, marcas de servicio, imagen comercial (colectivamente \"Marcas Comerciales\") u otro propiedad intelectual puesta a disposici\u00f3n por nosotros en relaci\u00f3n con este Sitio; (b) presentarse de ninguna manera como patrocinado por, afiliado a o respaldado por nosotros, o cualquiera de nuestras afiliadas o proveedores de servicios; (c) utilizar cualquiera de las Marcas Comerciales u otro contenido accesible a trav\u00e9s de este Sitio para cualquier prop\u00f3sito que no sea el prop\u00f3sito para el cual lo hemos puesto a su disposici\u00f3n; (d) difamar o desacreditarnos, nuestras Marcas Comerciales o cualquier aspecto de este Sitio; y (e) adaptar, traducir, modificar, descompilar, desensamblar o ingenier\u00eda inversa de este Sitio o cualquier software o programas utilizados en conexi\u00f3n con \u00e9l o sus productos y servicios.<\/p>\n\n\n\n<p>La enmarcaci\u00f3n, el espejeo, el raspado o la miner\u00eda de datos de este Sitio o cualquiera de sus contenidos en cualquier forma y por cualquier m\u00e9todo est\u00e1 expresamente prohibido.<\/p>\n\n\n\n<p>8. INDEMNIZACI\u00d3N<\/p>\n\n\n\n<p>Al utilizar este Sitio, acepta indemnizarnos a nosotros y a las entidades afiliadas (colectivamente \"Indemnizados\") y eximirlos de cualquier reclamaci\u00f3n y gasto, incluidos (sin limitaci\u00f3n) los honorarios de abogados, en relaci\u00f3n con cualquier reclamaci\u00f3n, incluyendo, pero no limit\u00e1ndose a, reclamaciones por difamaci\u00f3n, violaci\u00f3n de derechos de publicidad y\/o privacidad, infracci\u00f3n de derechos de autor o infracci\u00f3n de marcas comerciales que surjan de su uso de este Sitio o su violaci\u00f3n de estos T\u00e9rminos de Uso.<\/p>\n\n\n\n<p>Nos reservamos el derecho, a nuestra propia costa, de asumir la defensa exclusiva y el control de cualquier asunto por el cual deba indemnizarnos, y usted acepta cooperar con nuestra defensa de estas reclamaciones.<\/p>\n\n\n\n<p>9. RECLAMACIONES POR INFRACCI\u00d3N DE PROPIEDAD INTELECTUAL<\/p>\n\n\n\n<p>Nuestra pol\u00edtica es responder con prontitud a las reclamaciones por infracciones de propiedad intelectual. Procesaremos e investigaremos con prontitud las notificaciones de presuntas infracciones y tomaremos las medidas pertinentes conforme a la Ley de Derechos de Autor del Milenio Digital (DMCA) y otras leyes de propiedad intelectual aplicables. Las notificaciones de presuntas infracciones deben dirigirse a: info@cuba-foundation.org.<\/p>\n\n\n\n<p>10. LEY APLICABLE<\/p>\n\n\n\n<p>Al visitar o utilizar este Sitio, acepta que las leyes del Estado de Nueva York, sin tener en cuenta los principios de conflictos de leyes, regir\u00e1n nuestro <a href=\"https:\/\/cuba-foundation.org\/privacy-notice\/\" data-type=\"page\" data-id=\"3\">Aviso de Privacidad<\/a> y estos T\u00e9rminos de Uso y cualquier disputa de cualquier tipo que pueda surgir entre usted y Cuba Foundation, Inc. Cualquier acci\u00f3n legal o en equidad que surja de o est\u00e9 relacionada con cualquier uso del Sitio se presentar\u00e1 \u00fanicamente en los tribunales estatales o federales ubicados en el Condado de Nueva York, y usted y Cuba Foundation, Inc. por la presente consienten y se someten a la jurisdicci\u00f3n personal de dichos tribunales con el prop\u00f3sito de litigar cualquier acci\u00f3n de este tipo.<\/p>\n\n\n\n<p>11. GENERAL<\/p>\n\n\n\n<p>A. Si alguna disposici\u00f3n de estos T\u00e9rminos de Uso se considera inv\u00e1lida o inaplicable, la disposici\u00f3n se eliminar\u00e1 (o se interpretar\u00e1, si es posible, de manera que sea aplicable), y las disposiciones restantes se aplicar\u00e1n. Los encabezados son solo para fines de referencia y de ninguna manera definen, limitan, interpretan o describen el alcance o la extensi\u00f3n de dicha secci\u00f3n. Nuestra falta de actuaci\u00f3n con respecto a un incumplimiento por parte suya u otros no renuncia a nuestro derecho de actuar con respecto a incumplimientos posteriores o similares. Estos T\u00e9rminos de Uso establecen el entendimiento y acuerdo completo entre nosotros con respecto al tema contenido en este documento y sustituyen cualquier otro acuerdo, propuestas y comunicaciones, escritas u orales, entre nuestros representantes y usted con respecto al tema aqu\u00ed contenido.<\/p>\n\n\n\n<p>B. No hay Empresa Conjunta, No se Menoscaban Derechos. Usted acepta que no existe una empresa conjunta, sociedad, empleo o relaci\u00f3n de agencia entre usted y nosotros como resultado de estos T\u00e9rminos de Uso o su uso de este Sitio. Nuestra ejecuci\u00f3n de estos T\u00e9rminos de Uso est\u00e1 sujeta a las leyes y al proceso legal existente, y nada contenido en este documento menoscaba nuestro derecho de cumplir con solicitudes o requisitos gubernamentales, judiciales y de aplicaci\u00f3n de la ley relacionados con su uso de este Sitio o informaci\u00f3n proporcionada o recopilada por nosotros con respecto a dicho uso.<\/p>","protected":false},"excerpt":{"rendered":"<p>Updated: September 18, 2023 Welcome to www.cuba-foundation.org (this \u201cSite\u201d). This Site is provided by Cuban Foundation, Inc. as a service to our visitors and may be used for informational purposes only. Because these Terms of Use contain legal obligations, please read them carefully. 1. YOUR AGREEMENT By using this Site, you agree to be bound [&hellip;]<\/p>\n","protected":false},"author":1,"featured_media":0,"parent":0,"menu_order":0,"comment_status":"closed","ping_status":"open","template":"elementor_header_footer","meta":{"_acf_changed":false,"nf_dc_page":"","inline_featured_image":false,"footnotes":""},"class_list":["post-17093","page","type-page","status-publish","hentry"],"acf":[],"yoast_head":"<!-- This site is optimized with the Yoast SEO plugin v27.4 - https:\/\/yoast.com\/product\/yoast-seo-wordpress\/ -->\n<title>Terms of Use - Cuba Foundation<\/title>\n<meta name=\"robots\" content=\"index, follow, max-snippet:-1, max-image-preview:large, max-video-preview:-1\" \/>\n<link rel=\"canonical\" href=\"https:\/\/cuba-foundation.org\/es\/terms-of-use\/\" \/>\n<meta property=\"og:locale\" content=\"es_ES\" \/>\n<meta property=\"og:type\" content=\"article\" \/>\n<meta property=\"og:title\" content=\"Terms of Use - Cuba Foundation\" \/>\n<meta property=\"og:description\" content=\"Updated: September 18, 2023 Welcome to www.cuba-foundation.org (this \u201cSite\u201d). This Site is provided by Cuban Foundation, Inc. as a service to our visitors and may be used for informational purposes only. Because these Terms of Use contain legal obligations, please read them carefully. 1. YOUR AGREEMENT By using this Site, you agree to be bound [&hellip;]\" \/>\n<meta property=\"og:url\" content=\"https:\/\/cuba-foundation.org\/es\/terms-of-use\/\" \/>\n<meta property=\"og:site_name\" content=\"Cuba Foundation\" \/>\n<meta property=\"article:modified_time\" content=\"2023-09-27T14:21:05+00:00\" \/>\n<meta name=\"twitter:card\" content=\"summary_large_image\" \/>\n<meta name=\"twitter:label1\" content=\"Tiempo de lectura\" \/>\n\t<meta name=\"twitter:data1\" content=\"7 minutos\" \/>\n<script type=\"application\/ld+json\" class=\"yoast-schema-graph\">{\"@context\":\"https:\\\/\\\/schema.org\",\"@graph\":[{\"@type\":\"WebPage\",\"@id\":\"https:\\\/\\\/cuba-foundation.org\\\/terms-of-use\\\/\",\"url\":\"https:\\\/\\\/cuba-foundation.org\\\/terms-of-use\\\/\",\"name\":\"Terms of Use - Cuba Foundation\",\"isPartOf\":{\"@id\":\"https:\\\/\\\/cuba-foundation.org\\\/#website\"},\"datePublished\":\"2023-09-12T20:46:55+00:00\",\"dateModified\":\"2023-09-27T14:21:05+00:00\",\"breadcrumb\":{\"@id\":\"https:\\\/\\\/cuba-foundation.org\\\/terms-of-use\\\/#breadcrumb\"},\"inLanguage\":\"es\",\"potentialAction\":[{\"@type\":\"ReadAction\",\"target\":[\"https:\\\/\\\/cuba-foundation.org\\\/terms-of-use\\\/\"]}]},{\"@type\":\"BreadcrumbList\",\"@id\":\"https:\\\/\\\/cuba-foundation.org\\\/terms-of-use\\\/#breadcrumb\",\"itemListElement\":[{\"@type\":\"ListItem\",\"position\":1,\"name\":\"Home\",\"item\":\"https:\\\/\\\/cuba-foundation.org\\\/\"},{\"@type\":\"ListItem\",\"position\":2,\"name\":\"Terms of Use\"}]},{\"@type\":\"WebSite\",\"@id\":\"https:\\\/\\\/cuba-foundation.org\\\/#website\",\"url\":\"https:\\\/\\\/cuba-foundation.org\\\/\",\"name\":\"Cuba Foundation\",\"description\":\"a Philanthropic Platform\",\"publisher\":{\"@id\":\"https:\\\/\\\/cuba-foundation.org\\\/#organization\"},\"potentialAction\":[{\"@type\":\"SearchAction\",\"target\":{\"@type\":\"EntryPoint\",\"urlTemplate\":\"https:\\\/\\\/cuba-foundation.org\\\/?s={search_term_string}\"},\"query-input\":{\"@type\":\"PropertyValueSpecification\",\"valueRequired\":true,\"valueName\":\"search_term_string\"}}],\"inLanguage\":\"es\"},{\"@type\":\"Organization\",\"@id\":\"https:\\\/\\\/cuba-foundation.org\\\/#organization\",\"name\":\"Cuba Foundation\",\"url\":\"https:\\\/\\\/cuba-foundation.org\\\/\",\"logo\":{\"@type\":\"ImageObject\",\"inLanguage\":\"es\",\"@id\":\"https:\\\/\\\/cuba-foundation.org\\\/#\\\/schema\\\/logo\\\/image\\\/\",\"url\":\"https:\\\/\\\/cuba-foundation.org\\\/wp-content\\\/uploads\\\/2023\\\/09\\\/05-CUBA-FOUNDATION-_-FrameBlue.svg\",\"contentUrl\":\"https:\\\/\\\/cuba-foundation.org\\\/wp-content\\\/uploads\\\/2023\\\/09\\\/05-CUBA-FOUNDATION-_-FrameBlue.svg\",\"width\":269,\"height\":269,\"caption\":\"Cuba Foundation\"},\"image\":{\"@id\":\"https:\\\/\\\/cuba-foundation.org\\\/#\\\/schema\\\/logo\\\/image\\\/\"}}]}<\/script>\n<!-- \/ Yoast SEO plugin. -->","yoast_head_json":{"title":"Terms of Use - Cuba Foundation","robots":{"index":"index","follow":"follow","max-snippet":"max-snippet:-1","max-image-preview":"max-image-preview:large","max-video-preview":"max-video-preview:-1"},"canonical":"https:\/\/cuba-foundation.org\/es\/terms-of-use\/","og_locale":"es_ES","og_type":"article","og_title":"Terms of Use - Cuba Foundation","og_description":"Updated: September 18, 2023 Welcome to www.cuba-foundation.org (this \u201cSite\u201d). This Site is provided by Cuban Foundation, Inc. as a service to our visitors and may be used for informational purposes only. Because these Terms of Use contain legal obligations, please read them carefully. 1. YOUR AGREEMENT By using this Site, you agree to be bound [&hellip;]","og_url":"https:\/\/cuba-foundation.org\/es\/terms-of-use\/","og_site_name":"Cuba Foundation","article_modified_time":"2023-09-27T14:21:05+00:00","twitter_card":"summary_large_image","twitter_misc":{"Tiempo de lectura":"7 minutos"},"schema":{"@context":"https:\/\/schema.org","@graph":[{"@type":"WebPage","@id":"https:\/\/cuba-foundation.org\/terms-of-use\/","url":"https:\/\/cuba-foundation.org\/terms-of-use\/","name":"Terms of Use - Cuba Foundation","isPartOf":{"@id":"https:\/\/cuba-foundation.org\/#website"},"datePublished":"2023-09-12T20:46:55+00:00","dateModified":"2023-09-27T14:21:05+00:00","breadcrumb":{"@id":"https:\/\/cuba-foundation.org\/terms-of-use\/#breadcrumb"},"inLanguage":"es","potentialAction":[{"@type":"ReadAction","target":["https:\/\/cuba-foundation.org\/terms-of-use\/"]}]},{"@type":"BreadcrumbList","@id":"https:\/\/cuba-foundation.org\/terms-of-use\/#breadcrumb","itemListElement":[{"@type":"ListItem","position":1,"name":"Home","item":"https:\/\/cuba-foundation.org\/"},{"@type":"ListItem","position":2,"name":"Terms of Use"}]},{"@type":"WebSite","@id":"https:\/\/cuba-foundation.org\/#website","url":"https:\/\/cuba-foundation.org\/","name":"Cuba Foundation","description":"a Philanthropic Platform","publisher":{"@id":"https:\/\/cuba-foundation.org\/#organization"},"potentialAction":[{"@type":"SearchAction","target":{"@type":"EntryPoint","urlTemplate":"https:\/\/cuba-foundation.org\/?s={search_term_string}"},"query-input":{"@type":"PropertyValueSpecification","valueRequired":true,"valueName":"search_term_string"}}],"inLanguage":"es"},{"@type":"Organization","@id":"https:\/\/cuba-foundation.org\/#organization","name":"Cuba Foundation","url":"https:\/\/cuba-foundation.org\/","logo":{"@type":"ImageObject","inLanguage":"es","@id":"https:\/\/cuba-foundation.org\/#\/schema\/logo\/image\/","url":"https:\/\/cuba-foundation.org\/wp-content\/uploads\/2023\/09\/05-CUBA-FOUNDATION-_-FrameBlue.svg","contentUrl":"https:\/\/cuba-foundation.org\/wp-content\/uploads\/2023\/09\/05-CUBA-FOUNDATION-_-FrameBlue.svg","width":269,"height":269,"caption":"Cuba Foundation"},"image":{"@id":"https:\/\/cuba-foundation.org\/#\/schema\/logo\/image\/"}}]}},"jetpack_sharing_enabled":true,"_links":{"self":[{"href":"https:\/\/cuba-foundation.org\/es\/wp-json\/wp\/v2\/pages\/17093","targetHints":{"allow":["GET"]}}],"collection":[{"href":"https:\/\/cuba-foundation.org\/es\/wp-json\/wp\/v2\/pages"}],"about":[{"href":"https:\/\/cuba-foundation.org\/es\/wp-json\/wp\/v2\/types\/page"}],"author":[{"embeddable":true,"href":"https:\/\/cuba-foundation.org\/es\/wp-json\/wp\/v2\/users\/1"}],"replies":[{"embeddable":true,"href":"https:\/\/cuba-foundation.org\/es\/wp-json\/wp\/v2\/comments?post=17093"}],"version-history":[{"count":5,"href":"https:\/\/cuba-foundation.org\/es\/wp-json\/wp\/v2\/pages\/17093\/revisions"}],"predecessor-version":[{"id":17986,"href":"https:\/\/cuba-foundation.org\/es\/wp-json\/wp\/v2\/pages\/17093\/revisions\/17986"}],"wp:attachment":[{"href":"https:\/\/cuba-foundation.org\/es\/wp-json\/wp\/v2\/media?parent=17093"}],"curies":[{"name":"wp","href":"https:\/\/api.w.org\/{rel}","templated":true}]}}