{"id":3,"date":"2023-08-30T04:36:58","date_gmt":"2023-08-30T04:36:58","guid":{"rendered":"https:\/\/cuba-foundation.org\/?page_id=3"},"modified":"2023-09-27T14:20:58","modified_gmt":"2023-09-27T14:20:58","slug":"privacy-notice","status":"publish","type":"page","link":"https:\/\/cuba-foundation.org\/es\/privacy-notice\/","title":{"rendered":"Aviso de Privacidad"},"content":{"rendered":"<div data-elementor-type=\"wp-page\" data-elementor-id=\"3\" class=\"elementor elementor-3\" data-elementor-post-type=\"page\">\n\t\t\t\t\t\t<section class=\"elementor-section elementor-top-section elementor-element elementor-element-1bcc5b53 elementor-section-boxed elementor-section-height-default elementor-section-height-default\" data-id=\"1bcc5b53\" data-element_type=\"section\" data-e-type=\"section\">\n\t\t\t\t\t\t<div class=\"elementor-container elementor-column-gap-default\">\n\t\t\t\t\t<div class=\"elementor-column elementor-col-100 elementor-top-column elementor-element elementor-element-2c8be7b4\" data-id=\"2c8be7b4\" data-element_type=\"column\" data-e-type=\"column\">\n\t\t\t<div class=\"elementor-widget-wrap elementor-element-populated\">\n\t\t\t\t\t\t<div class=\"elementor-element elementor-element-133deb94 elementor-widget elementor-widget-text-editor\" data-id=\"133deb94\" data-element_type=\"widget\" data-e-type=\"widget\" data-widget_type=\"text-editor.default\">\n\t\t\t\t<div class=\"elementor-widget-container\">\n\t\t\t\t\t\t\t\t\t<p><\/p>\n<p>Actualizado: 21 de septiembre de 2023<\/p>\n<p><\/p>\n<p><\/p>\n<p>Cuba Foundation, Inc. respeta sus preocupaciones sobre la privacidad. Esta Notificaci\u00f3n de Privacidad describe los tipos de informaci\u00f3n personal que recopilamos en nuestro sitio web, www.cuba-foundation.org (el \"Sitio\"), c\u00f3mo utilizamos la informaci\u00f3n, con qui\u00e9n la compartimos y las opciones disponibles para usted con respecto al uso de la informaci\u00f3n. Tambi\u00e9n describimos las medidas que tomamos para proteger la seguridad de la informaci\u00f3n y c\u00f3mo puede contactarnos sobre nuestras pr\u00e1cticas de privacidad.&nbsp;<\/p>\n<p><\/p>\n<p><\/p>\n<p><strong>Informaci\u00f3n que obtenemos<\/strong><\/p>\n<p><\/p>\n<p><\/p>\n<p>Podemos obtener cierta informaci\u00f3n personal a trav\u00e9s del Sitio, incluyendo:&nbsp;<\/p>\n<p><\/p>\n<p><\/p>\n<ul class=\"wp-block-list\"><p><\/p>\n<li>Informaci\u00f3n de contacto, como n\u00famero de tel\u00e9fono y direcci\u00f3n postal y de correo electr\u00f3nico.<\/li>\n<p><\/p>\n<p><\/p>\n<li>Informaci\u00f3n de pago, como nombre, direcci\u00f3n de facturaci\u00f3n y entrega, y detalles de tarjetas de pago.<\/li>\n<p><\/p>\n<p><\/p>\n<li>Informaci\u00f3n de donaciones, como su historial de donaciones e informaci\u00f3n sobre su inter\u00e9s o participaci\u00f3n en nuestras iniciativas y organizaci\u00f3n.<\/li>\n<p><\/p>\n<p><\/p>\n<li>Informaci\u00f3n del dispositivo, como se describe en la secci\u00f3n de Recopilaci\u00f3n Automatizada de Datos a continuaci\u00f3n. <a href=\"#automated-data-collection\" data-type=\"internal\" data-id=\"#automated-data-collection\">Recopilaci\u00f3n Automatizada de Datos<\/a>&nbsp; secci\u00f3n abajo<\/li>\n<p><\/p>\n<p><\/p>\n<li>Informaci\u00f3n de redes sociales, como identificadores de redes sociales y otros datos compartidos con nosotros a trav\u00e9s de funciones de redes sociales de terceros que utiliza en nuestro Sitio.<\/li>\n<p><\/p>\n<p><\/p>\n<li>Otra informaci\u00f3n que elija proporcionar, como a trav\u00e9s de correos electr\u00f3nicos u otras comunicaciones, formularios, aplicaciones, registros, encuestas y funciones en el Sitio.<\/li>\n<p><\/p><\/ul>\n<p><\/p>\n<p><\/p>\n<p id=\"automated-data-collection\"><strong>Recopilaci\u00f3n Automatizada de Datos<\/strong><\/p>\n<p><\/p>\n<p><\/p>\n<p>Cuando visita nuestro Sitio, podemos recopilar cierta informaci\u00f3n de manera automatizada, como cookies, balizas web, registros de servidores web y otras tecnolog\u00edas. Podemos utilizar estas tecnolog\u00edas automatizadas para recopilar informaci\u00f3n sobre su equipo, acciones de navegaci\u00f3n, patrones de uso y ubicaci\u00f3n, como la direcci\u00f3n IP de su dispositivo, identificador \u00fanico de dispositivo, preferencias de idioma, URL de referencia o salida, informaci\u00f3n general sobre su ubicaci\u00f3n, informaci\u00f3n sobre sus interacciones con nuestro Sitio (como p\u00e1ginas visitadas, enlaces clicados, funciones utilizadas, fechas y horas de acceso) y otra informaci\u00f3n sobre su navegador web, dispositivo y sistema operativo.<\/p>\n<p><\/p>\n<p><\/p>\n<p>Su navegador puede indicarle c\u00f3mo recibir notificaciones cuando reciba ciertos tipos de cookies o c\u00f3mo restringir o desactivar ciertos tipos de cookies. Tenga en cuenta que sin cookies es posible que no pueda utilizar todas las funciones de nuestro Sitio.&nbsp;&nbsp;<\/p>\n<p><\/p>\n<p><\/p>\n<p><strong>C\u00f3mo utilizamos la informaci\u00f3n que obtenemos<\/strong><\/p>\n<p><\/p>\n<p><\/p>\n<p>Podemos utilizar la informaci\u00f3n personal que obtenemos sobre usted para:<\/p>\n<p><\/p>\n<p><\/p>\n<ul class=\"wp-block-list\"><p><\/p>\n<li>Proporcionar nuestros programas y servicios.<\/li>\n<p><\/p>\n<p><\/p>\n<li>Comunicarnos con usted, responder a consultas y ofrecer soporte.<\/li>\n<p><\/p>\n<p><\/p>\n<li>Administrar nuestro Sitio y personalizar su experiencia en el Sitio.<\/li>\n<p><\/p>\n<p><\/p>\n<li>Administrar su participaci\u00f3n en encuestas, promociones u otros programas.<\/li>\n<p><\/p>\n<p><\/p>\n<li>Procesar pagos y donaciones.<\/li>\n<p><\/p>\n<p><\/p>\n<li>Operar, evaluar y mejorar nuestra organizaci\u00f3n (incluyendo el desarrollo de nuevos programas e iniciativas; mejorar y analizar nuestros programas e iniciativas; gestionar nuestras comunicaciones; y realizar funciones internas de contabilidad, auditor\u00eda y otras).<\/li>\n<p><\/p>\n<p><\/p>\n<li>Mantener y mejorar la seguridad y la protecci\u00f3n de nuestros programas y servicios, prevenir el uso indebido y solucionar problemas t\u00e9cnicos.\nVerificar su identidad y protegerse contra fraudes y otras actividades delictivas, reclamaciones y otras responsabilidades.<\/li>\n<p><\/p>\n<p><\/p>\n<li>Verificar su identidad y protegerse contra fraudes y otras actividades delictivas, reclamaciones y otras responsabilidades.<\/li>\n<p><\/p>\n<p><\/p>\n<li>Ejercer nuestros derechos y remedios y defendernos contra reclamaciones legales.<\/li>\n<p><\/p>\n<p><\/p>\n<li>Cumplir y hacer cumplir los requisitos legales aplicables y nuestras pol\u00edticas y t\u00e9rminos, incluyendo nuestros T\u00e9rminos de Uso.&nbsp;<\/li>\n<p><\/p><\/ul>\n<p><\/p>\n<p><\/p>\n<p>Tambi\u00e9n podemos utilizar la informaci\u00f3n en otras formas para las cuales proporcionamos un aviso espec\u00edfico en el momento de la recopilaci\u00f3n.&nbsp;<\/p>\n<p><\/p>\n<p><\/p>\n<p><strong>Informaci\u00f3n que compartimos<\/strong><\/p>\n<p><\/p>\n<p><\/p>\n<p>Podemos compartir la informaci\u00f3n personal que recopilamos en el Sitio. Por ejemplo, si realiza una donaci\u00f3n en l\u00ednea, con su permiso podemos identificarlo como la persona que hizo la donaci\u00f3n.<\/p>\n<p><\/p>\n<p><\/p>\n<p>Tambi\u00e9n podemos compartir su informaci\u00f3n personal con nuestras afiliadas y organizaciones<strong> <\/strong>asociadas con los fines descritos en esta Notificaci\u00f3n de Privacidad. Adem\u00e1s, podemos compartir informaci\u00f3n personal con proveedores de servicios que realizan servicios en nuestro nombre, como tecnolog\u00eda y comunicaciones, procesamiento de pagos y facturaci\u00f3n, publicidad y marketing, an\u00e1lisis, protecci\u00f3n contra fraudes y seguridad de datos, y otros.&nbsp;&nbsp;<\/p>\n<p><\/p>\n<p><\/p>\n<p>Podemos divulgar informaci\u00f3n personal (1) si estamos obligados a hacerlo por ley o proceso legal, como una orden judicial o citaci\u00f3n; (2) en respuesta a solicitudes de agencias gubernamentales, como autoridades policiales; (3) para establecer, ejercer o defender nuestros derechos legales; (4) cuando creemos que la divulgaci\u00f3n es necesaria o apropiada para prevenir da\u00f1os f\u00edsicos u otros da\u00f1os o p\u00e9rdidas financieras; (5) en conexi\u00f3n con una investigaci\u00f3n de actividad ilegal sospechada o real; o (6) de otra manera, con su consentimiento o seg\u00fan lo indique su representante. Tambi\u00e9n nos reservamos el derecho de transferir informaci\u00f3n personal que tengamos sobre usted en caso de que transfiramos toda o parte de nuestra organizaci\u00f3n o activos (incluyendo en caso de fusi\u00f3n, adquisici\u00f3n, empresa conjunta, reorganizaci\u00f3n, desinversi\u00f3n, disoluci\u00f3n o liquidaci\u00f3n).&nbsp;&nbsp;<\/p>\n<p><\/p>\n<p><\/p>\n<p><strong>C\u00f3mo protegemos la informaci\u00f3n personal<\/strong><\/p>\n<p><\/p>\n<p><\/p>\n<p>Mantenemos salvaguardias administrativas, t\u00e9cnicas y f\u00edsicas dise\u00f1adas para proteger la informaci\u00f3n personal que usted proporciona contra el acceso accidental, ilegal o no autorizado, la destrucci\u00f3n, p\u00e9rdida, alteraci\u00f3n, divulgaci\u00f3n o uso.<\/p>\n<p><\/p>\n<p><\/p>\n<p><strong>Otros sitios web y caracter\u00edsticas en l\u00ednea<\/strong><\/p>\n<p><\/p>\n<p><\/p>\n<p>Para su comodidad e informaci\u00f3n, nuestro Sitio puede proporcionar acceso a otros servicios en l\u00ednea (como sitios web o plataformas de redes sociales), y puede incluir enlaces o caracter\u00edsticas de terceros como aplicaciones, herramientas, widgets y complementos. Estos servicios en l\u00ednea y caracter\u00edsticas de terceros pueden operar de manera independiente de nosotros. Las pr\u00e1cticas de privacidad de los terceros relevantes, incluidos los detalles sobre la informaci\u00f3n que pueden recopilar sobre usted, est\u00e1n sujetas a las declaraciones de privacidad de estos terceros, que le recomendamos encarecidamente que revise. En la medida en que los servicios en l\u00ednea vinculados o caracter\u00edsticas de terceros no sean propiedad ni est\u00e9n controlados por nosotros, no somos responsables de las pr\u00e1cticas de informaci\u00f3n de estos terceros.<\/p>\n<p><\/p>\n<p><\/p>\n<p><strong>Informaci\u00f3n personal de ni\u00f1os<\/strong><\/p>\n<p><\/p>\n<p><\/p>\n<p>El Sitio est\u00e1 dise\u00f1ado para un p\u00fablico general y no est\u00e1 dirigido a ni\u00f1os. En relaci\u00f3n con el Sitio, no solicitamos ni recopilamos intencionadamente informaci\u00f3n personal de ni\u00f1os menores de 13 a\u00f1os sin el consentimiento de los padres. Si nos enteramos de que hemos recopilado informaci\u00f3n personal de un ni\u00f1o menor de 13 a\u00f1os sin el consentimiento de los padres, buscaremos el consentimiento de los padres o eliminaremos r\u00e1pidamente esa informaci\u00f3n. Si cree que un ni\u00f1o menor de 13 a\u00f1os podr\u00eda habernos proporcionado informaci\u00f3n personal sin el consentimiento de los padres, por favor cont\u00e1ctenos seg\u00fan lo especificado en la secci\u00f3n C\u00f3mo contactarnos de esta Notificaci\u00f3n de Privacidad. <a href=\"#contact-section\" data-type=\"page\" data-id=\"285\">C\u00f3mo contactarnos<\/a> section of this Privacy Notice.<\/p>\n<p><\/p>\n<p><\/p>\n<p><strong>Sus opciones<\/strong><\/p>\n<p><\/p>\n<p><\/p>\n<p>Si ya no desea recibir correos electr\u00f3nicos promocionales de nuestra parte, env\u00edenos un correo electr\u00f3nico seg\u00fan se describe en la secci\u00f3n <a href=\"#contact-section\" data-type=\"internal\" data-id=\"#contact-section\">C\u00f3mo contactarnos<\/a> a continuaci\u00f3n o haga clic en el enlace \"darse de baja\" en la parte inferior de cualquier correo electr\u00f3nico promocional que reciba de nosotros y siga las instrucciones.<\/p>\n<p><\/p>\n<p><\/p>\n<p><strong>Actualizaciones a nuestra Notificaci\u00f3n de Privacidad<\/strong><\/p>\n<p><\/p>\n<p><\/p>\n<p>Esta Notificaci\u00f3n de Privacidad puede actualizarse peri\u00f3dicamente para reflejar cambios en nuestras pr\u00e1cticas de informaci\u00f3n personal. Indicaremos en la parte superior de la Notificaci\u00f3n de Privacidad cu\u00e1ndo se actualiz\u00f3 por \u00faltima vez.&nbsp;<\/p>\n<p><\/p>\n<p><\/p>\n<p id=\"contact-section\"><strong><a href=\"https:\/\/cuba-foundation.org\/contact-us\/\" data-type=\"page\" data-id=\"285\">C\u00f3mo contactarnos<\/a><\/strong><\/p>\n<p><\/p>\n<p><\/p>\n<p>Si tiene alguna pregunta o inquietud con respecto a esta Notificaci\u00f3n de Privacidad, puede enviarnos un correo electr\u00f3nico a<strong> <\/strong>info@cuba-foundation.org.<\/p>\n<p><\/p>\t\t\t\t\t\t\t\t<\/div>\n\t\t\t\t<\/div>\n\t\t\t\t\t<\/div>\n\t\t<\/div>\n\t\t\t\t\t<\/div>\n\t\t<\/section>\n\t\t\t\t<\/div>","protected":false},"excerpt":{"rendered":"<p>Updated: September 18, 2023 Cuba Foundation, Inc. respects your concerns about privacy.&nbsp; This Privacy Notice describes the types of personal information we collect on our website, www.cuba-foundation.org (the \u201cSite\u201d), how we use the information, with whom we share it and the choices available to you regarding our use of the information.&nbsp; We also describe measures [&hellip;]<\/p>\n","protected":false},"author":1,"featured_media":0,"parent":0,"menu_order":0,"comment_status":"closed","ping_status":"open","template":"elementor_header_footer","meta":{"_acf_changed":false,"nf_dc_page":"","inline_featured_image":false,"footnotes":""},"class_list":["post-3","page","type-page","status-publish","hentry"],"acf":[],"yoast_head":"<!-- This site is optimized with the Yoast SEO plugin v27.4 - https:\/\/yoast.com\/product\/yoast-seo-wordpress\/ -->\n<title>Privacy Notice - Cuba Foundation<\/title>\n<meta name=\"robots\" content=\"index, follow, max-snippet:-1, max-image-preview:large, max-video-preview:-1\" \/>\n<link rel=\"canonical\" href=\"https:\/\/cuba-foundation.org\/es\/privacy-notice\/\" \/>\n<meta property=\"og:locale\" content=\"es_ES\" \/>\n<meta property=\"og:type\" content=\"article\" \/>\n<meta property=\"og:title\" content=\"Privacy Notice - Cuba Foundation\" \/>\n<meta property=\"og:description\" content=\"Updated: September 18, 2023 Cuba Foundation, Inc. respects your concerns about privacy.&nbsp; This Privacy Notice describes the types of personal information we collect on our website, www.cuba-foundation.org (the \u201cSite\u201d), how we use the information, with whom we share it and the choices available to you regarding our use of the information.&nbsp; We also describe measures [&hellip;]\" \/>\n<meta property=\"og:url\" content=\"https:\/\/cuba-foundation.org\/es\/privacy-notice\/\" \/>\n<meta property=\"og:site_name\" content=\"Cuba Foundation\" \/>\n<meta property=\"article:modified_time\" content=\"2023-09-27T14:20:58+00:00\" \/>\n<meta name=\"twitter:card\" content=\"summary_large_image\" \/>\n<meta name=\"twitter:label1\" content=\"Tiempo de lectura\" \/>\n\t<meta name=\"twitter:data1\" content=\"5 minutos\" \/>\n<script type=\"application\/ld+json\" class=\"yoast-schema-graph\">{\"@context\":\"https:\\\/\\\/schema.org\",\"@graph\":[{\"@type\":\"WebPage\",\"@id\":\"https:\\\/\\\/cuba-foundation.org\\\/privacy-notice\\\/\",\"url\":\"https:\\\/\\\/cuba-foundation.org\\\/privacy-notice\\\/\",\"name\":\"Privacy Notice - Cuba Foundation\",\"isPartOf\":{\"@id\":\"https:\\\/\\\/cuba-foundation.org\\\/#website\"},\"datePublished\":\"2023-08-30T04:36:58+00:00\",\"dateModified\":\"2023-09-27T14:20:58+00:00\",\"breadcrumb\":{\"@id\":\"https:\\\/\\\/cuba-foundation.org\\\/privacy-notice\\\/#breadcrumb\"},\"inLanguage\":\"es\",\"potentialAction\":[{\"@type\":\"ReadAction\",\"target\":[\"https:\\\/\\\/cuba-foundation.org\\\/privacy-notice\\\/\"]}]},{\"@type\":\"BreadcrumbList\",\"@id\":\"https:\\\/\\\/cuba-foundation.org\\\/privacy-notice\\\/#breadcrumb\",\"itemListElement\":[{\"@type\":\"ListItem\",\"position\":1,\"name\":\"Home\",\"item\":\"https:\\\/\\\/cuba-foundation.org\\\/\"},{\"@type\":\"ListItem\",\"position\":2,\"name\":\"Privacy Notice\"}]},{\"@type\":\"WebSite\",\"@id\":\"https:\\\/\\\/cuba-foundation.org\\\/#website\",\"url\":\"https:\\\/\\\/cuba-foundation.org\\\/\",\"name\":\"Cuba Foundation\",\"description\":\"a Philanthropic Platform\",\"publisher\":{\"@id\":\"https:\\\/\\\/cuba-foundation.org\\\/#organization\"},\"potentialAction\":[{\"@type\":\"SearchAction\",\"target\":{\"@type\":\"EntryPoint\",\"urlTemplate\":\"https:\\\/\\\/cuba-foundation.org\\\/?s={search_term_string}\"},\"query-input\":{\"@type\":\"PropertyValueSpecification\",\"valueRequired\":true,\"valueName\":\"search_term_string\"}}],\"inLanguage\":\"es\"},{\"@type\":\"Organization\",\"@id\":\"https:\\\/\\\/cuba-foundation.org\\\/#organization\",\"name\":\"Cuba Foundation\",\"url\":\"https:\\\/\\\/cuba-foundation.org\\\/\",\"logo\":{\"@type\":\"ImageObject\",\"inLanguage\":\"es\",\"@id\":\"https:\\\/\\\/cuba-foundation.org\\\/#\\\/schema\\\/logo\\\/image\\\/\",\"url\":\"https:\\\/\\\/cuba-foundation.org\\\/wp-content\\\/uploads\\\/2023\\\/09\\\/05-CUBA-FOUNDATION-_-FrameBlue.svg\",\"contentUrl\":\"https:\\\/\\\/cuba-foundation.org\\\/wp-content\\\/uploads\\\/2023\\\/09\\\/05-CUBA-FOUNDATION-_-FrameBlue.svg\",\"width\":269,\"height\":269,\"caption\":\"Cuba Foundation\"},\"image\":{\"@id\":\"https:\\\/\\\/cuba-foundation.org\\\/#\\\/schema\\\/logo\\\/image\\\/\"}}]}<\/script>\n<!-- \/ Yoast SEO plugin. -->","yoast_head_json":{"title":"Privacy Notice - Cuba Foundation","robots":{"index":"index","follow":"follow","max-snippet":"max-snippet:-1","max-image-preview":"max-image-preview:large","max-video-preview":"max-video-preview:-1"},"canonical":"https:\/\/cuba-foundation.org\/es\/privacy-notice\/","og_locale":"es_ES","og_type":"article","og_title":"Privacy Notice - Cuba Foundation","og_description":"Updated: September 18, 2023 Cuba Foundation, Inc. respects your concerns about privacy.&nbsp; This Privacy Notice describes the types of personal information we collect on our website, www.cuba-foundation.org (the \u201cSite\u201d), how we use the information, with whom we share it and the choices available to you regarding our use of the information.&nbsp; We also describe measures [&hellip;]","og_url":"https:\/\/cuba-foundation.org\/es\/privacy-notice\/","og_site_name":"Cuba Foundation","article_modified_time":"2023-09-27T14:20:58+00:00","twitter_card":"summary_large_image","twitter_misc":{"Tiempo de lectura":"5 minutos"},"schema":{"@context":"https:\/\/schema.org","@graph":[{"@type":"WebPage","@id":"https:\/\/cuba-foundation.org\/privacy-notice\/","url":"https:\/\/cuba-foundation.org\/privacy-notice\/","name":"Privacy Notice - Cuba Foundation","isPartOf":{"@id":"https:\/\/cuba-foundation.org\/#website"},"datePublished":"2023-08-30T04:36:58+00:00","dateModified":"2023-09-27T14:20:58+00:00","breadcrumb":{"@id":"https:\/\/cuba-foundation.org\/privacy-notice\/#breadcrumb"},"inLanguage":"es","potentialAction":[{"@type":"ReadAction","target":["https:\/\/cuba-foundation.org\/privacy-notice\/"]}]},{"@type":"BreadcrumbList","@id":"https:\/\/cuba-foundation.org\/privacy-notice\/#breadcrumb","itemListElement":[{"@type":"ListItem","position":1,"name":"Home","item":"https:\/\/cuba-foundation.org\/"},{"@type":"ListItem","position":2,"name":"Privacy Notice"}]},{"@type":"WebSite","@id":"https:\/\/cuba-foundation.org\/#website","url":"https:\/\/cuba-foundation.org\/","name":"Cuba Foundation","description":"a Philanthropic Platform","publisher":{"@id":"https:\/\/cuba-foundation.org\/#organization"},"potentialAction":[{"@type":"SearchAction","target":{"@type":"EntryPoint","urlTemplate":"https:\/\/cuba-foundation.org\/?s={search_term_string}"},"query-input":{"@type":"PropertyValueSpecification","valueRequired":true,"valueName":"search_term_string"}}],"inLanguage":"es"},{"@type":"Organization","@id":"https:\/\/cuba-foundation.org\/#organization","name":"Cuba Foundation","url":"https:\/\/cuba-foundation.org\/","logo":{"@type":"ImageObject","inLanguage":"es","@id":"https:\/\/cuba-foundation.org\/#\/schema\/logo\/image\/","url":"https:\/\/cuba-foundation.org\/wp-content\/uploads\/2023\/09\/05-CUBA-FOUNDATION-_-FrameBlue.svg","contentUrl":"https:\/\/cuba-foundation.org\/wp-content\/uploads\/2023\/09\/05-CUBA-FOUNDATION-_-FrameBlue.svg","width":269,"height":269,"caption":"Cuba Foundation"},"image":{"@id":"https:\/\/cuba-foundation.org\/#\/schema\/logo\/image\/"}}]}},"jetpack_sharing_enabled":true,"_links":{"self":[{"href":"https:\/\/cuba-foundation.org\/es\/wp-json\/wp\/v2\/pages\/3","targetHints":{"allow":["GET"]}}],"collection":[{"href":"https:\/\/cuba-foundation.org\/es\/wp-json\/wp\/v2\/pages"}],"about":[{"href":"https:\/\/cuba-foundation.org\/es\/wp-json\/wp\/v2\/types\/page"}],"author":[{"embeddable":true,"href":"https:\/\/cuba-foundation.org\/es\/wp-json\/wp\/v2\/users\/1"}],"replies":[{"embeddable":true,"href":"https:\/\/cuba-foundation.org\/es\/wp-json\/wp\/v2\/comments?post=3"}],"version-history":[{"count":4,"href":"https:\/\/cuba-foundation.org\/es\/wp-json\/wp\/v2\/pages\/3\/revisions"}],"predecessor-version":[{"id":18072,"href":"https:\/\/cuba-foundation.org\/es\/wp-json\/wp\/v2\/pages\/3\/revisions\/18072"}],"wp:attachment":[{"href":"https:\/\/cuba-foundation.org\/es\/wp-json\/wp\/v2\/media?parent=3"}],"curies":[{"name":"wp","href":"https:\/\/api.w.org\/{rel}","templated":true}]}}