{"id":7495,"date":"2022-06-20T08:31:25","date_gmt":"2022-06-20T08:31:25","guid":{"rendered":"https:\/\/demo2wpopal.b-cdn.net\/wi-help\/?page_id=7495"},"modified":"2025-07-13T21:53:19","modified_gmt":"2025-07-13T21:53:19","slug":"donate","status":"publish","type":"page","link":"https:\/\/cuba-foundation.org\/es\/donate\/","title":{"rendered":"\u00a0Haz una donaci\u00f3n"},"content":{"rendered":"<div data-elementor-type=\"wp-page\" data-elementor-id=\"7495\" class=\"elementor elementor-7495\" data-elementor-post-type=\"page\">\n\t\t\t\t\t\t<div class=\"elementor-section elementor-top-section elementor-element elementor-element-48c6b14d elementor-section-stretched elementor-section-content-middle elementor-section-boxed elementor-section-height-default elementor-section-height-default\" data-id=\"48c6b14d\" data-element_type=\"section\" data-e-type=\"section\" data-settings=\"{&quot;stretch_section&quot;:&quot;section-stretched&quot;}\">\n\t\t\t\t\t\t\t<div class=\"elementor-background-overlay\"><\/div>\n\t\t\t\t\t\t\t<div class=\"elementor-container elementor-column-gap-no\">\n\t\t\t\t\t<div class=\"elementor-column elementor-col-50 elementor-top-column elementor-element elementor-element-377c4d76\" data-id=\"377c4d76\" data-element_type=\"column\" data-e-type=\"column\">\n\t\t\t<div class=\"elementor-widget-wrap elementor-element-populated\">\n\t\t\t\t\t\t<div class=\"elementor-element elementor-element-1643f8ba elementor-widget elementor-widget-heading\" data-id=\"1643f8ba\" data-element_type=\"widget\" data-e-type=\"widget\" data-widget_type=\"heading.default\">\n\t\t\t\t<div class=\"elementor-widget-container\">\n\t\t\t\t\t<h5 class=\"elementor-heading-title elementor-size-default\">Necesitamos Donaciones<\/h5>\t\t\t\t<\/div>\n\t\t\t\t<\/div>\n\t\t\t\t<div class=\"elementor-element elementor-element-633d834f elementor-widget elementor-widget-heading\" data-id=\"633d834f\" data-element_type=\"widget\" data-e-type=\"widget\" data-widget_type=\"heading.default\">\n\t\t\t\t<div class=\"elementor-widget-container\">\n\t\t\t\t\t<h2 class=\"elementor-heading-title elementor-size-default\">Apoya nuestros esfuerzos<\/h2>\t\t\t\t<\/div>\n\t\t\t\t<\/div>\n\t\t\t\t<div class=\"elementor-element elementor-element-2c71a7ac elementor-widget elementor-widget-text-editor\" data-id=\"2c71a7ac\" data-element_type=\"widget\" data-e-type=\"widget\" data-widget_type=\"text-editor.default\">\n\t\t\t\t<div class=\"elementor-widget-container\">\n\t\t\t\t\t\t\t\t\t<p>La Cuba Foundation es una corporaci\u00f3n sin fines de lucro del estado de Nueva York dedicada a fomentar iniciativas de desarrollo sostenible que ayuden directamente al pueblo cubano. Nuestra misi\u00f3n es impulsada por su generosidad. Somos un proyecto patrocinado fiscalmente por Give2Cuba, una organizaci\u00f3n exenta de impuestos seg\u00fan la Secci\u00f3n 501(c)(3) que recauda fondos en los Estados Unidos, brinda asistencia humanitaria y otra ayuda a Cuba, y apoya a grupos filantr\u00f3picos, como nosotros, con importantes servicios administrativos. Los donantes que deseen financiar el trabajo de la Cuba Foundation pueden hacerlo donando a Give2Cuba a trav\u00e9s del cuadro de donaciones en esta p\u00e1gina. Como lo requiere la ley, Give2Cuba proporcionar\u00e1 a los donantes un registro de sus contribuciones. Tales donaciones son deducibles de impuestos en la medida m\u00e1xima permitida por la ley. \u00danase a nuestro viaje. Sus donaciones importan.<\/p>\t\t\t\t\t\t\t\t<\/div>\n\t\t\t\t<\/div>\n\t\t\t\t\t<\/div>\n\t\t<\/div>\n\t\t\t\t<div class=\"elementor-column elementor-col-50 elementor-top-column elementor-element elementor-element-77b2a6bd\" data-id=\"77b2a6bd\" data-element_type=\"column\" data-e-type=\"column\" data-settings=\"{&quot;background_background&quot;:&quot;classic&quot;}\">\n\t\t\t<div class=\"elementor-widget-wrap elementor-element-populated\">\n\t\t\t\t\t\t<div class=\"elementor-element elementor-element-3255be66 elementor-widget-divider--view-line elementor-widget elementor-widget-divider\" data-id=\"3255be66\" data-element_type=\"widget\" data-e-type=\"widget\" data-widget_type=\"divider.default\">\n\t\t\t\t<div class=\"elementor-widget-container\">\n\t\t\t\t\t\t\t<div class=\"elementor-divider\">\n\t\t\t<span class=\"elementor-divider-separator\">\n\t\t\t\t\t\t<\/span>\n\t\t<\/div>\n\t\t\t\t\t\t<\/div>\n\t\t\t\t<\/div>\n\t\t\t\t<div class=\"elementor-element elementor-element-b0a93b2 elementor-widget elementor-widget-shortcode\" data-id=\"b0a93b2\" data-element_type=\"widget\" data-e-type=\"widget\" data-widget_type=\"shortcode.default\">\n\t\t\t\t<div class=\"elementor-widget-container\">\n\t\t\t\t\t\t\t<div class=\"elementor-shortcode\"><script src=\"https:\/\/donorbox.org\/widget.js\" type=\"text\/javascript\"><\/script><iframe src=\"https:\/\/donorbox.org\/embed\/cuba-foundation\" width=\"100%\" style=\"max-width:500px; min-width:310px;\" seamless=\"seamless\" id=\"dbox-form-embed\" name=\"donorbox\" frameborder=\"0\" scrolling=\"no\" allowpaymentrequest><\/iframe><\/div>\n\t\t\t\t\t\t<\/div>\n\t\t\t\t<\/div>\n\t\t\t\t\t<\/div>\n\t\t<\/div>\n\t\t\t\t\t<\/div>\n\t\t<\/div>\n\t\t\t\t<\/div>","protected":false},"excerpt":{"rendered":"<p>We Need Donations Support our efforts The Cuba Foundation is a New York State not-for-profit corporation dedicated to fostering sustainable development initiatives that directly help the Cuban people. Our mission is powered by your generosity. We are a fiscally sponsored project of Give2Cuba, a Section 501(c)(3) tax-exempt organization that raises funds in the United States, [&hellip;]<\/p>\n","protected":false},"author":1,"featured_media":0,"parent":0,"menu_order":0,"comment_status":"closed","ping_status":"closed","template":"elementor_header_footer","meta":{"_acf_changed":false,"nf_dc_page":"","inline_featured_image":false,"footnotes":""},"class_list":["post-7495","page","type-page","status-publish","hentry"],"acf":[],"yoast_head":"<!-- This site is optimized with the Yoast SEO plugin v27.6 - https:\/\/yoast.com\/product\/yoast-seo-wordpress\/ -->\n<title>\u00a0Make a donation - Cuba Foundation<\/title>\n<meta name=\"robots\" content=\"index, follow, max-snippet:-1, max-image-preview:large, max-video-preview:-1\" \/>\n<link rel=\"canonical\" href=\"https:\/\/cuba-foundation.org\/es\/donate\/\" \/>\n<meta property=\"og:locale\" content=\"es_ES\" \/>\n<meta property=\"og:type\" content=\"article\" \/>\n<meta property=\"og:title\" content=\"\u00a0Make a donation - Cuba Foundation\" \/>\n<meta property=\"og:description\" content=\"We Need Donations Support our efforts The Cuba Foundation is a New York State not-for-profit corporation dedicated to fostering sustainable development initiatives that directly help the Cuban people. Our mission is powered by your generosity. We are a fiscally sponsored project of Give2Cuba, a Section 501(c)(3) tax-exempt organization that raises funds in the United States, [&hellip;]\" \/>\n<meta property=\"og:url\" content=\"https:\/\/cuba-foundation.org\/es\/donate\/\" \/>\n<meta property=\"og:site_name\" content=\"Cuba Foundation\" \/>\n<meta property=\"article:modified_time\" content=\"2025-07-13T21:53:19+00:00\" \/>\n<meta name=\"twitter:card\" content=\"summary_large_image\" \/>\n<meta name=\"twitter:label1\" content=\"Tiempo de lectura\" \/>\n\t<meta name=\"twitter:data1\" content=\"1 minuto\" \/>\n<script type=\"application\/ld+json\" class=\"yoast-schema-graph\">{\"@context\":\"https:\\\/\\\/schema.org\",\"@graph\":[{\"@type\":\"WebPage\",\"@id\":\"https:\\\/\\\/cuba-foundation.org\\\/donate\\\/\",\"url\":\"https:\\\/\\\/cuba-foundation.org\\\/donate\\\/\",\"name\":\"\u00a0Make a donation - Cuba Foundation\",\"isPartOf\":{\"@id\":\"https:\\\/\\\/cuba-foundation.org\\\/#website\"},\"datePublished\":\"2022-06-20T08:31:25+00:00\",\"dateModified\":\"2025-07-13T21:53:19+00:00\",\"breadcrumb\":{\"@id\":\"https:\\\/\\\/cuba-foundation.org\\\/donate\\\/#breadcrumb\"},\"inLanguage\":\"es\",\"potentialAction\":[{\"@type\":\"ReadAction\",\"target\":[\"https:\\\/\\\/cuba-foundation.org\\\/donate\\\/\"]}]},{\"@type\":\"BreadcrumbList\",\"@id\":\"https:\\\/\\\/cuba-foundation.org\\\/donate\\\/#breadcrumb\",\"itemListElement\":[{\"@type\":\"ListItem\",\"position\":1,\"name\":\"Home\",\"item\":\"https:\\\/\\\/cuba-foundation.org\\\/\"},{\"@type\":\"ListItem\",\"position\":2,\"name\":\"\u00a0Make a donation\"}]},{\"@type\":\"WebSite\",\"@id\":\"https:\\\/\\\/cuba-foundation.org\\\/#website\",\"url\":\"https:\\\/\\\/cuba-foundation.org\\\/\",\"name\":\"Cuba Foundation\",\"description\":\"a Philanthropic Platform\",\"publisher\":{\"@id\":\"https:\\\/\\\/cuba-foundation.org\\\/#organization\"},\"potentialAction\":[{\"@type\":\"SearchAction\",\"target\":{\"@type\":\"EntryPoint\",\"urlTemplate\":\"https:\\\/\\\/cuba-foundation.org\\\/?s={search_term_string}\"},\"query-input\":{\"@type\":\"PropertyValueSpecification\",\"valueRequired\":true,\"valueName\":\"search_term_string\"}}],\"inLanguage\":\"es\"},{\"@type\":\"Organization\",\"@id\":\"https:\\\/\\\/cuba-foundation.org\\\/#organization\",\"name\":\"Cuba Foundation\",\"url\":\"https:\\\/\\\/cuba-foundation.org\\\/\",\"logo\":{\"@type\":\"ImageObject\",\"inLanguage\":\"es\",\"@id\":\"https:\\\/\\\/cuba-foundation.org\\\/#\\\/schema\\\/logo\\\/image\\\/\",\"url\":\"https:\\\/\\\/cuba-foundation.org\\\/wp-content\\\/uploads\\\/2023\\\/09\\\/05-CUBA-FOUNDATION-_-FrameBlue.svg\",\"contentUrl\":\"https:\\\/\\\/cuba-foundation.org\\\/wp-content\\\/uploads\\\/2023\\\/09\\\/05-CUBA-FOUNDATION-_-FrameBlue.svg\",\"width\":269,\"height\":269,\"caption\":\"Cuba Foundation\"},\"image\":{\"@id\":\"https:\\\/\\\/cuba-foundation.org\\\/#\\\/schema\\\/logo\\\/image\\\/\"}}]}<\/script>\n<!-- \/ Yoast SEO plugin. -->","yoast_head_json":{"title":"\u00a0Make a donation - Cuba Foundation","robots":{"index":"index","follow":"follow","max-snippet":"max-snippet:-1","max-image-preview":"max-image-preview:large","max-video-preview":"max-video-preview:-1"},"canonical":"https:\/\/cuba-foundation.org\/es\/donate\/","og_locale":"es_ES","og_type":"article","og_title":"\u00a0Make a donation - Cuba Foundation","og_description":"We Need Donations Support our efforts The Cuba Foundation is a New York State not-for-profit corporation dedicated to fostering sustainable development initiatives that directly help the Cuban people. Our mission is powered by your generosity. We are a fiscally sponsored project of Give2Cuba, a Section 501(c)(3) tax-exempt organization that raises funds in the United States, [&hellip;]","og_url":"https:\/\/cuba-foundation.org\/es\/donate\/","og_site_name":"Cuba Foundation","article_modified_time":"2025-07-13T21:53:19+00:00","twitter_card":"summary_large_image","twitter_misc":{"Tiempo de lectura":"1 minuto"},"schema":{"@context":"https:\/\/schema.org","@graph":[{"@type":"WebPage","@id":"https:\/\/cuba-foundation.org\/donate\/","url":"https:\/\/cuba-foundation.org\/donate\/","name":"\u00a0Make a donation - Cuba Foundation","isPartOf":{"@id":"https:\/\/cuba-foundation.org\/#website"},"datePublished":"2022-06-20T08:31:25+00:00","dateModified":"2025-07-13T21:53:19+00:00","breadcrumb":{"@id":"https:\/\/cuba-foundation.org\/donate\/#breadcrumb"},"inLanguage":"es","potentialAction":[{"@type":"ReadAction","target":["https:\/\/cuba-foundation.org\/donate\/"]}]},{"@type":"BreadcrumbList","@id":"https:\/\/cuba-foundation.org\/donate\/#breadcrumb","itemListElement":[{"@type":"ListItem","position":1,"name":"Home","item":"https:\/\/cuba-foundation.org\/"},{"@type":"ListItem","position":2,"name":"\u00a0Make a donation"}]},{"@type":"WebSite","@id":"https:\/\/cuba-foundation.org\/#website","url":"https:\/\/cuba-foundation.org\/","name":"Cuba Foundation","description":"a Philanthropic Platform","publisher":{"@id":"https:\/\/cuba-foundation.org\/#organization"},"potentialAction":[{"@type":"SearchAction","target":{"@type":"EntryPoint","urlTemplate":"https:\/\/cuba-foundation.org\/?s={search_term_string}"},"query-input":{"@type":"PropertyValueSpecification","valueRequired":true,"valueName":"search_term_string"}}],"inLanguage":"es"},{"@type":"Organization","@id":"https:\/\/cuba-foundation.org\/#organization","name":"Cuba Foundation","url":"https:\/\/cuba-foundation.org\/","logo":{"@type":"ImageObject","inLanguage":"es","@id":"https:\/\/cuba-foundation.org\/#\/schema\/logo\/image\/","url":"https:\/\/cuba-foundation.org\/wp-content\/uploads\/2023\/09\/05-CUBA-FOUNDATION-_-FrameBlue.svg","contentUrl":"https:\/\/cuba-foundation.org\/wp-content\/uploads\/2023\/09\/05-CUBA-FOUNDATION-_-FrameBlue.svg","width":269,"height":269,"caption":"Cuba Foundation"},"image":{"@id":"https:\/\/cuba-foundation.org\/#\/schema\/logo\/image\/"}}]}},"jetpack_sharing_enabled":true,"_links":{"self":[{"href":"https:\/\/cuba-foundation.org\/es\/wp-json\/wp\/v2\/pages\/7495","targetHints":{"allow":["GET"]}}],"collection":[{"href":"https:\/\/cuba-foundation.org\/es\/wp-json\/wp\/v2\/pages"}],"about":[{"href":"https:\/\/cuba-foundation.org\/es\/wp-json\/wp\/v2\/types\/page"}],"author":[{"embeddable":true,"href":"https:\/\/cuba-foundation.org\/es\/wp-json\/wp\/v2\/users\/1"}],"replies":[{"embeddable":true,"href":"https:\/\/cuba-foundation.org\/es\/wp-json\/wp\/v2\/comments?post=7495"}],"version-history":[{"count":8,"href":"https:\/\/cuba-foundation.org\/es\/wp-json\/wp\/v2\/pages\/7495\/revisions"}],"predecessor-version":[{"id":19002,"href":"https:\/\/cuba-foundation.org\/es\/wp-json\/wp\/v2\/pages\/7495\/revisions\/19002"}],"wp:attachment":[{"href":"https:\/\/cuba-foundation.org\/es\/wp-json\/wp\/v2\/media?parent=7495"}],"curies":[{"name":"wp","href":"https:\/\/api.w.org\/{rel}","templated":true}]}}